{"id":882,"date":"2019-04-18T11:08:43","date_gmt":"2019-04-18T11:08:43","guid":{"rendered":"https:\/\/envothemes.com\/envo-ecommerce\/product\/import-placeholder-for-59\/"},"modified":"2024-12-11T10:15:02","modified_gmt":"2024-12-11T10:15:02","slug":"bikini","status":"publish","type":"product","link":"https:\/\/www.yeganeh.de\/?product=bikini","title":{"rendered":"Einf\u00fchrung in die Hypnotherapie mit Kindern und Jugendlichen"},"content":{"rendered":"<h3>Inhalte des Workshops<\/h3>\n<ul>\n<li><strong>Grundlagen der Hypnotherapie<\/strong>: Was ist Hypnose und wie wirkt sie?<\/li>\n<li><strong>Anwendung bei Kindern und Jugendlichen<\/strong>: Entwicklungspsychologische Grundlagen und altersgerechte Methoden.<\/li>\n<li><strong>Praktische Techniken<\/strong>: \u00dcbung<\/li>\n<li><strong>Anwendungsgebiete<\/strong>: Umgang mit Stress, PTBS, \u00c4ngsten, Schlafproblemen, Konzentrationsschwierigkeiten und Selbstbewusstsein.<\/li>\n<li><strong>Ethik und Verantwortung<\/strong>: Sicherer und professioneller Umgang mit jungen Klient:innen.<\/li>\n<\/ul>\n<h3>Zielgruppe<\/h3>\n<p>Dieser Workshop richtet sich an Fachpersonen aus den Bereichen Psychotherapie, P\u00e4dagogik, Sozialarbeit und Beratung, die hypnotherapeutische Ans\u00e4tze kennenlernen und in ihre Arbeit mit Kindern und Jugendlichen integrieren m\u00f6chten.<\/p>\n<h3>Ihre Vorteile<\/h3>\n<ul>\n<li>Praxisnaher und interaktiver Unterricht mit Fallbeispielen.<\/li>\n<li>Erste Anwendungsm\u00f6glichkeiten direkt nach dem Workshop.<\/li>\n<li>Austausch und Vernetzung mit anderen Fachkr\u00e4ften.<\/li>\n<\/ul>\n<p><strong>Workshop-Dauer: <\/strong>2 Tag, 10:00\u201318:00 Uhr<br \/>\n<strong>Ort:<\/strong> online oder Pr\u00e4senz<br \/>\n<strong>Kosten:<\/strong> 360 \u20ac<\/p>\n<p><strong>Anmeldung:<\/strong><\/p>\n","protected":false},"excerpt":{"rendered":"<p>M\u00f6chten Sie die faszinierende Welt der Hypnotherapie entdecken und lernen,<\/p>\n<p>wie Sie sie gezielt bei Kindern und Jugendlichen einsetzen k\u00f6nnen? Dieser Workshop bietet Ihnen eine fundierte Einf\u00fchrung in die Grundlagen und Techniken der Hypnotherapie, speziell angepasst an die Bed\u00fcrfnisse junger Menschen.<\/p>\n","protected":false},"featured_media":921,"comment_status":"open","ping_status":"closed","template":"","meta":[],"product_brand":[],"product_cat":[30,25],"product_tag":[],"class_list":{"0":"post-882","1":"product","2":"type-product","3":"status-publish","4":"has-post-thumbnail","6":"product_cat-online-workshops","7":"product_cat-workshop","9":"first","10":"instock","11":"sale","12":"taxable","13":"shipping-taxable","14":"purchasable","15":"product-type-simple"},"_links":{"self":[{"href":"https:\/\/www.yeganeh.de\/index.php?rest_route=\/wp\/v2\/product\/882","targetHints":{"allow":["GET"]}}],"collection":[{"href":"https:\/\/www.yeganeh.de\/index.php?rest_route=\/wp\/v2\/product"}],"about":[{"href":"https:\/\/www.yeganeh.de\/index.php?rest_route=\/wp\/v2\/types\/product"}],"replies":[{"embeddable":true,"href":"https:\/\/www.yeganeh.de\/index.php?rest_route=%2Fwp%2Fv2%2Fcomments&post=882"}],"wp:featuredmedia":[{"embeddable":true,"href":"https:\/\/www.yeganeh.de\/index.php?rest_route=\/wp\/v2\/media\/921"}],"wp:attachment":[{"href":"https:\/\/www.yeganeh.de\/index.php?rest_route=%2Fwp%2Fv2%2Fmedia&parent=882"}],"wp:term":[{"taxonomy":"product_brand","embeddable":true,"href":"https:\/\/www.yeganeh.de\/index.php?rest_route=%2Fwp%2Fv2%2Fproduct_brand&post=882"},{"taxonomy":"product_cat","embeddable":true,"href":"https:\/\/www.yeganeh.de\/index.php?rest_route=%2Fwp%2Fv2%2Fproduct_cat&post=882"},{"taxonomy":"product_tag","embeddable":true,"href":"https:\/\/www.yeganeh.de\/index.php?rest_route=%2Fwp%2Fv2%2Fproduct_tag&post=882"}],"curies":[{"name":"wp","href":"https:\/\/api.w.org\/{rel}","templated":true}]}}